{"id":8914,"date":"2015-11-25T21:38:30","date_gmt":"2015-11-25T21:38:30","guid":{"rendered":"https:\/\/fisiolescala.com\/equip\/"},"modified":"2025-01-10T13:00:39","modified_gmt":"2025-01-10T13:00:39","slug":"equipo","status":"publish","type":"page","link":"https:\/\/fisiolescala.com\/es\/equipo\/","title":{"rendered":"Profesionales"},"content":{"rendered":"<div id=\"pl-8914\"  class=\"panel-layout\" ><div id=\"pg-8914-0\"  class=\"panel-grid panel-no-style\" ><div id=\"pgc-8914-0-0\"  class=\"panel-grid-cell\" ><div id=\"panel-8914-0-0-0\" class=\"so-panel widget widget_sow-editor panel-first-child\" data-index=\"0\" ><div\n\t\t\t\n\t\t\tclass=\"so-widget-sow-editor so-widget-sow-editor-base\"\n\t\t\t\n\t\t><h3 class=\"widget-title\">Servicio de Calidad<\/h3>\n<div class=\"siteorigin-widget-tinymce textwidget\">\n\t<p>Cada d\u00eda nos esforzamos para mejorar nuestro servicio, tanto en la parte t\u00e9cnica como en el trato con el paciente.<\/p>\n<\/div>\n<\/div><\/div><div id=\"panel-8914-0-0-1\" class=\"so-panel widget widget_sow-editor panel-last-child\" data-index=\"1\" ><div\n\t\t\t\n\t\t\tclass=\"so-widget-sow-editor so-widget-sow-editor-base\"\n\t\t\t\n\t\t><h3 class=\"widget-title\">Atenci\u00f3n al Paciente<\/h3>\n<div class=\"siteorigin-widget-tinymce textwidget\">\n\t<p>\u00a0<\/p>\n<p>El objetivo principal del equipo t\u00e9cnico es restablecer y promover la salud del paciente ofreciendo un trato personalizado de m\u00e1xima calidad.<\/p>\n<\/div>\n<\/div><\/div><\/div><div id=\"pgc-8914-0-1\"  class=\"panel-grid-cell\" ><div id=\"panel-8914-0-1-0\" class=\"so-panel widget widget_sow-editor panel-first-child panel-last-child\" data-index=\"2\" ><div\n\t\t\t\n\t\t\tclass=\"so-widget-sow-editor so-widget-sow-editor-base\"\n\t\t\t\n\t\t><h3 class=\"widget-title\">Servicio Profesional<\/h3>\n<div class=\"siteorigin-widget-tinymce textwidget\">\n\t<p>Comprometidos con nuestro trabajo, nuestros t\u00e9cnicos acumulan una gran experiencia. Nos gusta nuestro trabajo y nuestros pacientes lo notan.<\/p>\n<\/div>\n<\/div><\/div><\/div><div id=\"pgc-8914-0-2\"  class=\"panel-grid-cell\" ><div id=\"panel-8914-0-2-0\" class=\"so-panel widget widget_sow-editor panel-first-child panel-last-child\" data-index=\"3\" ><div\n\t\t\t\n\t\t\tclass=\"so-widget-sow-editor so-widget-sow-editor-base\"\n\t\t\t\n\t\t>\n<div class=\"siteorigin-widget-tinymce textwidget\">\n\t<p><img loading=\"lazy\" decoding=\"async\" class=\"alignleft size-full wp-image-8782\" src=\"https:\/\/fisiolescala.com\/wp-content\/uploads\/2015\/11\/equip-feat.jpg\" alt=\"\" width=\"360\" height=\"508\" srcset=\"https:\/\/fisiolescala.com\/wp-content\/uploads\/2015\/11\/equip-feat.jpg 360w, https:\/\/fisiolescala.com\/wp-content\/uploads\/2015\/11\/equip-feat-213x300.jpg 213w\" sizes=\"(max-width: 360px) 100vw, 360px\" \/><\/p>\n<\/div>\n<\/div><\/div><\/div><\/div><div id=\"pg-8914-1\"  class=\"panel-grid panel-no-style\" ><div id=\"pgc-8914-1-0\"  class=\"panel-grid-cell\" ><div id=\"panel-8914-1-0-0\" class=\"so-panel widget widget_sow-editor panel-first-child panel-last-child\" data-index=\"4\" ><div\n\t\t\t\n\t\t\tclass=\"so-widget-sow-editor so-widget-sow-editor-base\"\n\t\t\t\n\t\t>\n<div class=\"siteorigin-widget-tinymce textwidget\">\n\t<p><img loading=\"lazy\" decoding=\"async\" class=\"size-full wp-image-245\" src=\"http:\/\/export-xml.qreativethemes.com\/physio\/wp-content\/uploads\/sites\/3\/2015\/11\/image-divider.jpg\" alt=\"image-divider\" width=\"1144\" height=\"50\" srcset=\"https:\/\/fisiolescala.com\/wp-content\/uploads\/2015\/11\/image-divider.jpg 1144w, https:\/\/fisiolescala.com\/wp-content\/uploads\/2015\/11\/image-divider-300x13.jpg 300w, https:\/\/fisiolescala.com\/wp-content\/uploads\/2015\/11\/image-divider-768x34.jpg 768w, https:\/\/fisiolescala.com\/wp-content\/uploads\/2015\/11\/image-divider-1024x45.jpg 1024w\" sizes=\"(max-width: 1144px) 100vw, 1144px\" \/><\/p>\n<\/div>\n<\/div><\/div><\/div><\/div><div id=\"pg-8914-2\"  class=\"panel-grid panel-no-style\" ><div id=\"pgc-8914-2-0\"  class=\"panel-grid-cell\" ><div id=\"panel-8914-2-0-0\" class=\"so-panel widget widget_text panel-first-child panel-last-child\" data-index=\"5\" ><h3 class=\"widget-title\">Nuestros Terapeutas<\/h3>\t\t\t<div class=\"textwidget\"><\/div>\n\t\t<\/div><\/div><\/div><div id=\"pg-8914-3\"  class=\"panel-grid panel-no-style\" ><div id=\"pgc-8914-3-0\"  class=\"panel-grid-cell\" ><div id=\"panel-8914-3-0-0\" class=\"so-panel widget widget_qt_team_member widget-team-member panel-first-child panel-last-child\" data-index=\"6\" >\n\t\t\t<div class=\"team-member\">\n\t\t\t\t\t\t\t\t\t<div class=\"team-member--image\">\n\t\t\t\t\t\t\t\t\t\t\t\t\t<img decoding=\"async\" loading=\"lazy\" src=\"https:\/\/fisiolescala.com\/wp-content\/uploads\/2015\/11\/marta2021web.jpg\" alt=\"Marta Barretina\">\n\t\t\t\t\t\t\t\t\t\t\t\t\t\t\t\t\t\t<div class=\"team-member--social\">\n\t\t\t\t\t\t\t<div class=\"overlay--center\">\n\t\t\t\t\t\t\t\t\t\t\t\t\t\t\t\t\t\t\t\t\t\t\t\t\t\t\t\t\t\t\t\t\t\t\t\t\t\t\t\t\t\t\t\t\t\t\t\t\t<a href=\"mailto:fisiolescala@fisioterapeutes.org\" aria-label=\"Email\"><i class=\"fas fa-envelope\"><\/i><\/a>\n\t\t\t\t\t\t\t\t\t\t\t\t\t\t\t\t\t\t\t\t\t\t\t<\/div>\n\t\t\t\t\t\t<\/div>\n\t\t\t\t\t\t\t\t\t\t\t\t\t\t\t\t\t\t\t<a href=\"https:\/\/fisiolescala.com\/es\/equipo\/marta-barretina\/\" aria-label=\"Leer m\u00e1s\" class=\"link-overlay\"><\/a>\n\t\t\t\t\t\t\t\t\t\t\t<\/div>\n\t\t\t\t\t\t\t\t<div class=\"team-member--content\">\n\t\t\t\t\t<h4 class=\"team-member--name\">\n\t\t\t\t\t\t\t\t\t\t\t\t\t<a href=\"https:\/\/fisiolescala.com\/es\/equipo\/marta-barretina\/\">\n\t\t\t\t\t\t\t\t\t\t\t\tMarta Barretina\t\t\t\t\t\t<\/a>\t\t\t\t\t<\/h4>\n\t\t\t\t\t\t\t\t\t\t\t<span class=\"team-member--tag\">Fisioterapeuta<\/span>\n\t\t\t\t\t\t\t\t\t\t\t\t\t\t\t\t<p class=\"team-member--description\">Diplomada en fisioterapia en 1993 por la EUF Gimbernat, adscrita a la UAB. Fisioterapeuta col. 834. Responsable del centro desde su apertura. Especializada en fisioterapia...<\/p>\n\t\t\t\t\t\t\t\t\t\t\t\t\t\t\t\t<a href=\"https:\/\/fisiolescala.com\/es\/equipo\/marta-barretina\/\" class=\"text-link\">Leer m\u00e1s<\/a>\n\t\t\t\t\t\t\t\t\t<\/div>\n\t\t\t<\/div>\n\n\t\t\t<\/div><\/div><div id=\"pgc-8914-3-1\"  class=\"panel-grid-cell\" ><div id=\"panel-8914-3-1-0\" class=\"so-panel widget widget_qt_team_member widget-team-member panel-first-child panel-last-child\" data-index=\"7\" >\n\t\t\t<div class=\"team-member\">\n\t\t\t\t\t\t\t\t\t<div class=\"team-member--image\">\n\t\t\t\t\t\t\t\t\t\t\t\t\t<img decoding=\"async\" loading=\"lazy\" src=\"https:\/\/fisiolescala.com\/wp-content\/uploads\/2015\/11\/laura2021web.jpg\" alt=\"Laura Callol\">\n\t\t\t\t\t\t\t\t\t\t\t\t\t\t\t\t\t\t<div class=\"team-member--social\">\n\t\t\t\t\t\t\t<div class=\"overlay--center\">\n\t\t\t\t\t\t\t\t\t\t\t\t\t\t\t\t\t\t\t\t\t\t\t\t\t\t\t\t\t\t\t\t\t\t\t\t\t\t\t\t\t\t\t\t\t\t\t\t\t<a href=\"mailto:lcallol@yahoo.es\" aria-label=\"Email\"><i class=\"fas fa-envelope\"><\/i><\/a>\n\t\t\t\t\t\t\t\t\t\t\t\t\t\t\t\t\t\t\t\t\t\t\t<\/div>\n\t\t\t\t\t\t<\/div>\n\t\t\t\t\t\t\t\t\t\t\t\t\t\t\t\t\t\t\t<a href=\"https:\/\/fisiolescala.com\/es\/equipo\/laura-callol\/\" aria-label=\"Leer m\u00e1s\" class=\"link-overlay\"><\/a>\n\t\t\t\t\t\t\t\t\t\t\t<\/div>\n\t\t\t\t\t\t\t\t<div class=\"team-member--content\">\n\t\t\t\t\t<h4 class=\"team-member--name\">\n\t\t\t\t\t\t\t\t\t\t\t\t\t<a href=\"https:\/\/fisiolescala.com\/es\/equipo\/laura-callol\/\">\n\t\t\t\t\t\t\t\t\t\t\t\tLaura Callol\t\t\t\t\t\t<\/a>\t\t\t\t\t<\/h4>\n\t\t\t\t\t\t\t\t\t\t\t<span class=\"team-member--tag\">Fisioterapeuta<\/span>\n\t\t\t\t\t\t\t\t\t\t\t\t\t\t\t\t<p class=\"team-member--description\">Diplomada en fisioterapia en 2005 por la UVIC. Fisioterapeuta col. 6053. Especializada en fisioterapia del aparato locomotor, vendajes neuromusculares, terapia manual y terapia...<\/p>\n\t\t\t\t\t\t\t\t\t\t\t\t\t\t\t\t<a href=\"https:\/\/fisiolescala.com\/es\/equipo\/laura-callol\/\" class=\"text-link\">Leer m\u00e1s<\/a>\n\t\t\t\t\t\t\t\t\t<\/div>\n\t\t\t<\/div>\n\n\t\t\t<\/div><\/div><div id=\"pgc-8914-3-2\"  class=\"panel-grid-cell\" ><div id=\"panel-8914-3-2-0\" class=\"so-panel widget widget_qt_team_member widget-team-member panel-first-child panel-last-child\" data-index=\"8\" >\n\t\t\t<div class=\"team-member\">\n\t\t\t\t\t\t\t\t\t<div class=\"team-member--image\">\n\t\t\t\t\t\t\t\t\t\t\t\t\t<img decoding=\"async\" loading=\"lazy\" src=\"https:\/\/fisiolescala.com\/wp-content\/uploads\/2015\/11\/aina2021web.jpg\" alt=\"Aina Pont\">\n\t\t\t\t\t\t\t\t\t\t\t\t\t\t\t\t\t\t<div class=\"team-member--social\">\n\t\t\t\t\t\t\t<div class=\"overlay--center\">\n\t\t\t\t\t\t\t\t\t\t\t\t\t\t\t\t\t\t\t\t\t\t\t\t\t\t\t\t\t\t\t\t\t\t\t\t\t\t\t\t\t\t\t\t\t\t\t\t\t<a href=\"mailto:ainapont16@fisioterapeutes.org\" aria-label=\"Email\"><i class=\"fas fa-envelope\"><\/i><\/a>\n\t\t\t\t\t\t\t\t\t\t\t\t\t\t\t\t\t\t\t\t\t\t\t<\/div>\n\t\t\t\t\t\t<\/div>\n\t\t\t\t\t\t\t\t\t\t\t\t\t\t\t\t\t\t\t<a href=\"https:\/\/fisiolescala.com\/es\/equipo\/aina-pont\/\" aria-label=\"Leer m\u00e1s\" class=\"link-overlay\"><\/a>\n\t\t\t\t\t\t\t\t\t\t\t<\/div>\n\t\t\t\t\t\t\t\t<div class=\"team-member--content\">\n\t\t\t\t\t<h4 class=\"team-member--name\">\n\t\t\t\t\t\t\t\t\t\t\t\t\t<a href=\"https:\/\/fisiolescala.com\/es\/equipo\/aina-pont\/\">\n\t\t\t\t\t\t\t\t\t\t\t\tAina Pont\t\t\t\t\t\t<\/a>\t\t\t\t\t<\/h4>\n\t\t\t\t\t\t\t\t\t\t\t<span class=\"team-member--tag\">Fisioterapeuta<\/span>\n\t\t\t\t\t\t\t\t\t\t\t\t\t\t\t\t<p class=\"team-member--description\">Graduada en fisioterapia en 2015 por la EUSES de Girona, adscrita a la UDG. Especializada en fisioterapia del aparato locomotor, tratamiento del dolor...<\/p>\n\t\t\t\t\t\t\t\t\t\t\t\t\t\t\t\t<a href=\"https:\/\/fisiolescala.com\/es\/equipo\/aina-pont\/\" class=\"text-link\">Leer m\u00e1s<\/a>\n\t\t\t\t\t\t\t\t\t<\/div>\n\t\t\t<\/div>\n\n\t\t\t<\/div><\/div><div id=\"pgc-8914-3-3\"  class=\"panel-grid-cell\" ><div id=\"panel-8914-3-3-0\" class=\"so-panel widget widget_qt_team_member widget-team-member panel-first-child panel-last-child\" data-index=\"9\" >\n\t\t\t<div class=\"team-member\">\n\t\t\t\t\t\t\t\t\t<div class=\"team-member--image\">\n\t\t\t\t\t\t\t\t\t\t\t\t\t<img decoding=\"async\" loading=\"lazy\" src=\"https:\/\/fisiolescala.com\/wp-content\/uploads\/2021\/07\/ferran2021web.jpg\" alt=\"Ferran D\u00edaz\">\n\t\t\t\t\t\t\t\t\t\t\t\t\t\t\t\t\t\t<div class=\"team-member--social\">\n\t\t\t\t\t\t\t<div class=\"overlay--center\">\n\t\t\t\t\t\t\t\t\t\t\t\t\t\t\t\t\t\t\t\t\t\t\t\t\t\t\t\t\t\t\t\t\t\t\t\t\t\t\t\t\t\t\t\t\t\t\t\t\t<a href=\"mailto:fdiaz@fisioterapeutes.org\" aria-label=\"Email\"><i class=\"fas fa-envelope\"><\/i><\/a>\n\t\t\t\t\t\t\t\t\t\t\t\t\t\t\t\t\t\t\t\t\t\t\t<\/div>\n\t\t\t\t\t\t<\/div>\n\t\t\t\t\t\t\t\t\t\t\t\t\t\t\t\t\t\t\t<a href=\"\/es\/equipo\/ferran-diaz\/\" aria-label=\"Leer m\u00e1s\" class=\"link-overlay\"><\/a>\n\t\t\t\t\t\t\t\t\t\t\t<\/div>\n\t\t\t\t\t\t\t\t<div class=\"team-member--content\">\n\t\t\t\t\t<h4 class=\"team-member--name\">\n\t\t\t\t\t\t\t\t\t\t\t\t\t<a href=\"\/es\/equipo\/ferran-diaz\/\">\n\t\t\t\t\t\t\t\t\t\t\t\tFerran D\u00edaz\t\t\t\t\t\t<\/a>\t\t\t\t\t<\/h4>\n\t\t\t\t\t\t\t\t\t\t\t<span class=\"team-member--tag\">Fisioterapeuta<\/span>\n\t\t\t\t\t\t\t\t\t\t\t\t\t\t\t\t<p class=\"team-member--description\">Diplomado en fisioterapia en 2018 por la EUSES de Girona, adcrita a la UDG. Especializado en fisioterapia deportiva y readaptaci\u00f3n al deporte...<\/p>\n\t\t\t\t\t\t\t\t\t\t\t\t\t\t\t\t<a href=\"\/es\/equipo\/ferran-diaz\/\" class=\"text-link\">Leer m\u00e1s<\/a>\n\t\t\t\t\t\t\t\t\t<\/div>\n\t\t\t<\/div>\n\n\t\t\t<\/div><\/div><\/div><\/div>","protected":false},"excerpt":{"rendered":"<p>Cada d\u00eda nos esforzamos para mejorar nuestro servicio, tanto en la parte t\u00e9cnica como en el trato con el paciente. \u00a0El objetivo principal del equipo t\u00e9cnico es restablecer y promover la salud del paciente ofreciendo un trato personalizado de m\u00e1xima calidad. Comprometidos con nuestro trabajo, nuestros t\u00e9cnicos acumulan una gran experiencia. Nos gusta nuestro trabajo [&hellip;]<\/p>\n","protected":false},"author":1,"featured_media":0,"parent":0,"menu_order":0,"comment_status":"closed","ping_status":"open","template":"","meta":{"footnotes":""},"acf":[],"_links":{"self":[{"href":"https:\/\/fisiolescala.com\/es\/wp-json\/wp\/v2\/pages\/8914"}],"collection":[{"href":"https:\/\/fisiolescala.com\/es\/wp-json\/wp\/v2\/pages"}],"about":[{"href":"https:\/\/fisiolescala.com\/es\/wp-json\/wp\/v2\/types\/page"}],"author":[{"embeddable":true,"href":"https:\/\/fisiolescala.com\/es\/wp-json\/wp\/v2\/users\/1"}],"replies":[{"embeddable":true,"href":"https:\/\/fisiolescala.com\/es\/wp-json\/wp\/v2\/comments?post=8914"}],"version-history":[{"count":7,"href":"https:\/\/fisiolescala.com\/es\/wp-json\/wp\/v2\/pages\/8914\/revisions"}],"predecessor-version":[{"id":11275,"href":"https:\/\/fisiolescala.com\/es\/wp-json\/wp\/v2\/pages\/8914\/revisions\/11275"}],"wp:attachment":[{"href":"https:\/\/fisiolescala.com\/es\/wp-json\/wp\/v2\/media?parent=8914"}],"curies":[{"name":"wp","href":"https:\/\/api.w.org\/{rel}","templated":true}]}}