{"id":8997,"date":"2017-04-24T08:35:22","date_gmt":"2017-04-24T08:35:22","guid":{"rendered":"https:\/\/fisiolescala.com\/servicios\/terapia-piscina\/"},"modified":"2023-02-14T15:17:13","modified_gmt":"2023-02-14T15:17:13","slug":"actividades-piscina-municipal-lescala","status":"publish","type":"page","link":"https:\/\/fisiolescala.com\/es\/servicios\/actividades-piscina-municipal-lescala\/","title":{"rendered":"Actividades en las instalaciones de la Piscina Municipal de L&#8217;Escala"},"content":{"rendered":"<div id=\"pl-8997\"  class=\"panel-layout\" ><div id=\"pg-8997-0\"  class=\"panel-grid panel-no-style\" ><div id=\"pgc-8997-0-0\"  class=\"panel-grid-cell\" ><div id=\"panel-8997-0-0-0\" class=\"so-panel widget widget_sow-editor panel-first-child panel-last-child\" data-index=\"0\" ><div\n\t\t\t\n\t\t\tclass=\"so-widget-sow-editor so-widget-sow-editor-base\"\n\t\t\t\n\t\t>\n<div class=\"siteorigin-widget-tinymce textwidget\">\n\t<h3>Tratamientos individuales tanto dentro del agua como en la sala de fitness<\/h3>\n<h3><img loading=\"lazy\" decoding=\"async\" class=\"size-full wp-image-8080 alignright\" style=\"color: #00ccff; font-weight: bold;\" src=\"https:\/\/fisiolescala.com\/wp-content\/uploads\/2017\/04\/terapia-piscina-01.jpg\" alt=\"\" width=\"408\" height=\"272\" srcset=\"https:\/\/fisiolescala.com\/wp-content\/uploads\/2017\/04\/terapia-piscina-01.jpg 408w, https:\/\/fisiolescala.com\/wp-content\/uploads\/2017\/04\/terapia-piscina-01-300x200.jpg 300w, https:\/\/fisiolescala.com\/wp-content\/uploads\/2017\/04\/terapia-piscina-01-360x240.jpg 360w, https:\/\/fisiolescala.com\/wp-content\/uploads\/2017\/04\/terapia-piscina-01-272x182.jpg 272w\" sizes=\"(max-width: 408px) 100vw, 408px\" \/><\/h3>\n<p><span style=\"color: #00ccff;\"><b>\u00a0<\/b><\/span><strong>EN LA PISCINA:<\/strong><\/p>\n<p><strong><span style=\"color: #00ccff;\">NATACI\u00d3N TERAP\u00c9UTICA<br \/>\n<\/span><\/strong>Nataci\u00f3n correctiva adaptada a las deformidades o patolog\u00edas del usuario (problemas de columna vertebral, escoliosis, recuperaci\u00f3n de lesiones). Es imprescindible saber nadar.<\/p>\n<p><strong><span style=\"color: #00ccff;\">AQUA SALUD - 1<\/span><\/strong><br \/>\nEjercicios acu\u00e1ticos dirigidos a personas con fibromialgia o dolor cr\u00f3nico y personas con poco dominio del medio acu\u00e1tico. La actividad se realiza en la piscina peque\u00f1a.<\/p>\n<p><strong><span style=\"color: #00ccff;\">AQUA SALUD - 2<br \/>\n<\/span><\/strong>Ejercicios acu\u00e1ticos dirigidos a personas con problemas de columna y alteraciones musculo-esquel\u00e9ticas. La actividad se realiza en la piscina grande.<\/p>\n<p><strong><span style=\"color: #00ccff;\">NATACI\u00d3N PARA EMBARAZADAS<br \/>\n<\/span><\/strong>Ejercicios acu\u00e1ticos y nataci\u00f3n para mejorar la condici\u00f3n f\u00edsica, disminuir la carga lumbar, favorecer la circulaci\u00f3n de retorno y relajarse.<img loading=\"lazy\" decoding=\"async\" class=\"size-full wp-image-8088 alignright\" style=\"color: #00ccff;\" src=\"https:\/\/fisiolescala.com\/wp-content\/uploads\/2017\/04\/terapia-piscina.jpg\" alt=\"\" width=\"408\" height=\"272\" srcset=\"https:\/\/fisiolescala.com\/wp-content\/uploads\/2017\/04\/terapia-piscina.jpg 408w, https:\/\/fisiolescala.com\/wp-content\/uploads\/2017\/04\/terapia-piscina-300x200.jpg 300w, https:\/\/fisiolescala.com\/wp-content\/uploads\/2017\/04\/terapia-piscina-360x240.jpg 360w, https:\/\/fisiolescala.com\/wp-content\/uploads\/2017\/04\/terapia-piscina-272x182.jpg 272w\" sizes=\"(max-width: 408px) 100vw, 408px\" \/><\/p>\n<p><strong><span style=\"color: #00ccff;\">FISIOTERAPIA ACU\u00c1TICA INFANTIL<\/span><\/strong><br \/>\nAtenci\u00f3n especializada a ni\u00f1os con alteraciones ortop\u00e9dicas del aparato locomotor, d\u00e9ficits motrices y enfermedades neurol\u00f3gicas.<\/p>\n<p><strong><span style=\"color: #00ccff;\">HIDROCINESITERAPIA<br \/>\n<\/span><\/strong>Atenci\u00f3n especializada a personas con discapacidad f\u00edsica, enfermedades neurol\u00f3gicas y alteraciones musculoesquel\u00e9ticas.<\/p>\n<p>&nbsp;<\/p>\n<p><strong>EN SALA DE FITNESS:<\/strong><\/p>\n<p><strong><span style=\"color: #00ccff;\">ABDOMINALES HIPOPRESIVOS- RESOURCING SOFT FITNESS<br \/>\n<\/span><\/strong>Ejercicio espec\u00edfico para aumentar el tono de la musculatura abdominal y del suelo p\u00e9lvico, reducir la cintura, mejorar el dolor de espalda y la postura.<\/p>\n<p><strong><span style=\"color: #00ccff;\">ASESORAMIENTO<br \/>\n<\/span><\/strong>en educaci\u00f3n gestual, higiene postural y estiramientos musculares.<\/p>\n<\/div>\n<\/div><\/div><\/div><\/div><\/div>","protected":false},"excerpt":{"rendered":"<p>Tratamientos individuales tanto dentro del agua como en la sala de fitness \u00a0EN LA PISCINA: NATACI\u00d3N TERAP\u00c9UTICA Nataci\u00f3n correctiva adaptada a las deformidades o patolog\u00edas del usuario (problemas de columna vertebral, escoliosis, recuperaci\u00f3n de lesiones). Es imprescindible saber nadar. AQUA SALUD &#8211; 1 Ejercicios acu\u00e1ticos dirigidos a personas con fibromialgia o dolor cr\u00f3nico y personas [&hellip;]<\/p>\n","protected":false},"author":1,"featured_media":8087,"parent":8115,"menu_order":0,"comment_status":"closed","ping_status":"closed","template":"","meta":{"footnotes":""},"acf":[],"_links":{"self":[{"href":"https:\/\/fisiolescala.com\/es\/wp-json\/wp\/v2\/pages\/8997"}],"collection":[{"href":"https:\/\/fisiolescala.com\/es\/wp-json\/wp\/v2\/pages"}],"about":[{"href":"https:\/\/fisiolescala.com\/es\/wp-json\/wp\/v2\/types\/page"}],"author":[{"embeddable":true,"href":"https:\/\/fisiolescala.com\/es\/wp-json\/wp\/v2\/users\/1"}],"replies":[{"embeddable":true,"href":"https:\/\/fisiolescala.com\/es\/wp-json\/wp\/v2\/comments?post=8997"}],"version-history":[{"count":4,"href":"https:\/\/fisiolescala.com\/es\/wp-json\/wp\/v2\/pages\/8997\/revisions"}],"predecessor-version":[{"id":11016,"href":"https:\/\/fisiolescala.com\/es\/wp-json\/wp\/v2\/pages\/8997\/revisions\/11016"}],"up":[{"embeddable":true,"href":"https:\/\/fisiolescala.com\/es\/wp-json\/wp\/v2\/pages\/8115"}],"wp:featuredmedia":[{"embeddable":true,"href":"https:\/\/fisiolescala.com\/es\/wp-json\/wp\/v2\/media\/8087"}],"wp:attachment":[{"href":"https:\/\/fisiolescala.com\/es\/wp-json\/wp\/v2\/media?parent=8997"}],"curies":[{"name":"wp","href":"https:\/\/api.w.org\/{rel}","templated":true}]}}